{"id":6,"date":"2021-04-23T18:20:55","date_gmt":"2021-04-23T16:20:55","guid":{"rendered":"http:\/\/eligo2021\/de\/?page_id=6"},"modified":"2026-04-15T09:59:11","modified_gmt":"2026-04-15T07:59:11","slug":"impressum","status":"publish","type":"page","link":"https:\/\/eligo.de\/de\/impressum\/","title":{"rendered":"Impressum"},"content":{"rendered":"<p>ELIGO Psychologische Personalsoftware GmbH<br \/>\nArndtstra\u00dfe 34<br \/>\n10965 Berlin<\/p>\n<p>Telefon +49 30 403696-100<\/p>\n<p>info[at]eligo.de<br \/>\nwww.eligo.de<\/p>\n<p>Gesch\u00e4ftsf\u00fchrung: Dr. Christian Montel, Maren Hiltmann<br \/>\nHandelsregisternummer: HRB 170643 B<br \/>\nAmtsgericht Charlottenburg<\/p>\n<p>USt-ID-Nr. DE203246602<\/p>\n<h3><\/h3>\n<h2>1 Rechtliche Hinweise<\/h2>\n<h3>1.1. Inhalt des Onlineangebotes<\/h3>\n<p>Die ELIGO Psychologische Personalsoftware GmbH (im Folgenden: ELIGO) \u00fcbernimmt keinerlei Gew\u00e4hr f\u00fcr die Aktualit\u00e4t, Korrektheit, Vollst\u00e4ndigkeit oder Qualit\u00e4t der bereitgestellten Informationen. Haftungsanspr\u00fcche gegen ELIGO, die sich auf Sch\u00e4den materieller oder ideeller Art beziehen, welche durch die Nutzung oder Nichtnutzung der dargebotenen Informationen bzw. durch die Nutzung fehlerhafter oder unvollst\u00e4ndiger Informationen verursacht wurden, sind grunds\u00e4tzlich ausgeschlossen, sofern seitens ELIGO kein nachweislich vors\u00e4tzliches oder grob fahrl\u00e4ssiges Verschulden vorliegt.<\/p>\n<p>ELIGO beh\u00e4lt es sich ausdr\u00fccklich vor, Teile der Seiten oder das gesamte Angebot ohne gesonderte Ank\u00fcndigung zu ver\u00e4ndern, zu erg\u00e4nzen, zu l\u00f6schen oder die Ver\u00f6ffentlichung zeitweise oder endg\u00fcltig einzustellen.<\/p>\n<h3>1.2 Verweise und Links<\/h3>\n<p>Bei direkten oder indirekten Verweisen auf fremde Internetseiten (Links), die au\u00dferhalb des Verantwortungsbereiches ELIGO liegen, haftet ELIGO nur dann, wenn sie von den Inhalten Kenntnis hat und es ihr technisch m\u00f6glich und zumutbar w\u00e4re, die Nutzung im Falle rechtswidriger Inhalte zu verhindern. ELIGO erkl\u00e4rt daher ausdr\u00fccklich, dass sie keine Informationen \u00fcber eventuelle rechtswidrige Inhalte auf den verlinkten Seiten hatte. ELIGO hat keinerlei Einfluss auf die aktuelle und zuk\u00fcnftige Gestaltung und auf die Inhalte der verlinkten Seiten, die nach der Linksetzung ver\u00e4ndert wurden. Sie \u00fcberpr\u00fcft diese Inhalte auch nicht. Diese Feststellung gilt f\u00fcr alle innerhalb des eigenen Internetangebotes gesetzten Links und Verweise auf Dritte. F\u00fcr illegale, fehlerhafte oder unvollst\u00e4ndige Inhalte und insbesondere f\u00fcr Sch\u00e4den, die aus der Nutzung oder Nichtnutzung solcherart dargebotener Informationen entstehen, haftet allein der*die Anbieter*in der Seite, auf welche verwiesen wurde. Es haftet nicht derjenige, der \u00fcber Links auf die jeweilige Ver\u00f6ffentlichung lediglich verweist.<\/p>\n<h3>1.3 Rechtswirksamkeit dieses Haftungsausschlusses<\/h3>\n<p>Dieser Haftungsausschluss ist als Teil des Internetangebotes zu betrachten, von dem aus auf diese Seite verwiesen wurde. Sofern Teile oder einzelne Formulierungen dieses Textes der geltenden Rechtslage nicht, nicht mehr oder nicht vollst\u00e4ndig entsprechen, bleiben die \u00fcbrigen Teile des Dokuments in ihrem Inhalt und ihrer G\u00fcltigkeit davon unber\u00fchrt.<\/p>\n<h3>1.4 Urheber- und Kennzeichenrecht<\/h3>\n<p>ELIGO ist bestrebt, in allen Publikationen die Urheberrechte der verwendeten Grafiken und Texte zu beachten, von ihr selbst erstellte Grafiken und Texte zu nutzen oder auf lizenzfreie Grafiken und Texte zur\u00fcckzugreifen. Das Copyright f\u00fcr ver\u00f6ffentlichte, von ELIGO oder ihren Auftragnehmer*innen selbst erstellte Objekte bleibt allein bei ELIGO. Eine Vervielf\u00e4ltigung oder Verwendung solcher Grafiken und Texte in anderen elektronischen oder gedruckten Publikationen ist ohne ausdr\u00fcckliche schriftliche Zustimmung von ELIGO nicht gestattet.<\/p>\n<p>Alle innerhalb des Internetangebotes genannten und ggf. durch Dritte gesch\u00fctzten Marken- und Warenzeichen unterliegen uneingeschr\u00e4nkt den Bestimmungen des jeweils g\u00fcltigen Kennzeichenrechts und den Besitzrechten der jeweiligen eingetragenen Eigent\u00fcmer*innen. Allein aufgrund der blo\u00dfen Nennung ist nicht der Schluss zu ziehen, dass Markenzeichen nicht durch Rechte Dritter gesch\u00fctzt sind.<\/p>\n<h2>Web Development<\/h2>\n<p><a href=\"https:\/\/72dpi.de\/\">72dpi netzb\u00fcro<\/a>, Essen<br \/>\nOliver Hulisz<\/p>\n","protected":false},"excerpt":{"rendered":"<p>ELIGO Psychologische Personalsoftware GmbH Arndtstra\u00dfe 34 10965 Berlin Telefon +49 30 403696-100 info[at]eligo.de www.eligo.de Gesch\u00e4ftsf\u00fchrung: Dr. Christian Montel, Maren Hiltmann Handelsregisternummer: HRB 170643 B Amtsgericht Charlottenburg USt-ID-Nr. DE203246602 1 Rechtliche Hinweise 1.1. Inhalt des Onlineangebotes\u2026 <a href=\"https:\/\/eligo.de\/de\/impressum\/\">mehr lesen &#8230;<\/a><\/p>\n","protected":false},"author":1,"featured_media":0,"parent":0,"menu_order":9000,"comment_status":"closed","ping_status":"closed","template":"","meta":{"_acf_changed":false,"inline_featured_image":false,"footnotes":""},"class_list":["post-6","page","type-page","status-publish","hentry"],"acf":[],"aioseo_notices":[],"_links":{"self":[{"href":"https:\/\/eligo.de\/de\/wp-json\/wp\/v2\/pages\/6","targetHints":{"allow":["GET"]}}],"collection":[{"href":"https:\/\/eligo.de\/de\/wp-json\/wp\/v2\/pages"}],"about":[{"href":"https:\/\/eligo.de\/de\/wp-json\/wp\/v2\/types\/page"}],"author":[{"embeddable":true,"href":"https:\/\/eligo.de\/de\/wp-json\/wp\/v2\/users\/1"}],"replies":[{"embeddable":true,"href":"https:\/\/eligo.de\/de\/wp-json\/wp\/v2\/comments?post=6"}],"version-history":[{"count":0,"href":"https:\/\/eligo.de\/de\/wp-json\/wp\/v2\/pages\/6\/revisions"}],"wp:attachment":[{"href":"https:\/\/eligo.de\/de\/wp-json\/wp\/v2\/media?parent=6"}],"curies":[{"name":"wp","href":"https:\/\/api.w.org\/{rel}","templated":true}]}}