{"id":38,"date":"2021-04-27T14:53:45","date_gmt":"2021-04-27T12:53:45","guid":{"rendered":"http:\/\/eligo2021\/de\/?page_id=38"},"modified":"2025-07-09T13:43:05","modified_gmt":"2025-07-09T11:43:05","slug":"leistungen","status":"publish","type":"page","link":"https:\/\/eligo.de\/de\/leistungen\/","title":{"rendered":"Leistungen"},"content":{"rendered":"<p>Ob im Bereich Recruiting, Personalentwicklung oder Berufsorientierung: Ihr Projekt verdient eine passende L\u00f6sung. <a href=\"https:\/\/eligo.de\/de\/unternehmen\/#timeline\">In \u00fcber 25 Jahren Personalarbeit<\/a> haben wir einen Pool aus flexibel und sofort einsatzbereiten HR-Instrumenten entwickelt, um mit Ihnen diesen individuellen Weg gehen zu k\u00f6nnen \u2013 ganz gleich, ob Sie als Mittelstandsunternehmen, internationaler Konzern, eine Institution der \u00f6ffentlichen Hand oder im Personal Coaching aktiv sind.<\/p>\n<p>Bei uns k\u00f6nnen Sie L\u00f6sungen w\u00e4hlen, die zu Ihren Workflows und Zielgruppen passen und Ihnen Ergebnisse liefern, die Ihre Personalentscheidungen schnell, fair und verl\u00e4sslich machen. Dabei werden Sie stets pers\u00f6nlich von einer*einem unserer erfahrenen Berater*innen betreut. Und auch f\u00fcr die Sicherheit ist gesorgt: F\u00fcr welche Leistung Sie sich auch entscheiden \u2013 wir arbeiten stets entlang der Vorgaben von <a href=\"\/de\/unternehmen\/#zertifizierungen\">DIN 33430<\/a> und EU-DSGVO und sind <a href=\"\/de\/unternehmen\/#zertifizierungen\">ISO 27001<\/a> zertifiziert.<\/p>\n","protected":false},"excerpt":{"rendered":"<p>Ob im Bereich Recruiting, Personalentwicklung oder Berufsorientierung: Ihr Projekt verdient eine passende L\u00f6sung. In \u00fcber 25 Jahren Personalarbeit haben wir einen Pool aus flexibel und sofort einsatzbereiten HR-Instrumenten entwickelt, um mit Ihnen diesen individuellen Weg\u2026 <a href=\"https:\/\/eligo.de\/de\/leistungen\/\">mehr lesen &#8230;<\/a><\/p>\n","protected":false},"author":1,"featured_media":0,"parent":0,"menu_order":2000,"comment_status":"closed","ping_status":"closed","template":"page-templates\/page-services.php","meta":{"_acf_changed":false,"inline_featured_image":false,"footnotes":""},"class_list":["post-38","page","type-page","status-publish","hentry"],"acf":[],"aioseo_notices":[],"_links":{"self":[{"href":"https:\/\/eligo.de\/de\/wp-json\/wp\/v2\/pages\/38","targetHints":{"allow":["GET"]}}],"collection":[{"href":"https:\/\/eligo.de\/de\/wp-json\/wp\/v2\/pages"}],"about":[{"href":"https:\/\/eligo.de\/de\/wp-json\/wp\/v2\/types\/page"}],"author":[{"embeddable":true,"href":"https:\/\/eligo.de\/de\/wp-json\/wp\/v2\/users\/1"}],"replies":[{"embeddable":true,"href":"https:\/\/eligo.de\/de\/wp-json\/wp\/v2\/comments?post=38"}],"version-history":[{"count":0,"href":"https:\/\/eligo.de\/de\/wp-json\/wp\/v2\/pages\/38\/revisions"}],"wp:attachment":[{"href":"https:\/\/eligo.de\/de\/wp-json\/wp\/v2\/media?parent=38"}],"curies":[{"name":"wp","href":"https:\/\/api.w.org\/{rel}","templated":true}]}}