{"id":37,"date":"2021-04-27T14:52:28","date_gmt":"2021-04-27T12:52:28","guid":{"rendered":"http:\/\/eligo2021\/de\/?page_id=37"},"modified":"2025-01-08T11:01:14","modified_gmt":"2025-01-08T10:01:14","slug":"unternehmen","status":"publish","type":"page","link":"https:\/\/eligo.de\/de\/unternehmen\/","title":{"rendered":"ELIGO entdecken"},"content":{"rendered":"<p>In \u00fcber 25 Jahren Erfahrung haben wir einen reichhaltigen Pool an HR-L\u00f6sungen aufgebaut, der es uns erm\u00f6glicht, jedes Kundenprojekt im Unternehmenskontext und dem jeweiligen Marktumfeld individuell zu betrachten. Zusammen gestalten wir mit Ihnen einen Workflow, der Ihr <strong>Talent Management<\/strong> ab dem ersten Tag erleichtert und Ihnen Ergebnisse liefert, mit denen Sie die richtigen Personalentscheidungen treffen.<\/p>\n<p>Unser Anspruch ist, mit unseren Tools Ihren Personaler*innen schnelle, moderne und faire <strong>HR-Prozesse<\/strong> zu erm\u00f6glichen und Menschen nachhaltig auf ihrem Karriereweg zu begleiten. Dabei ist uns stets eine vertrauensvolle Zusammenarbeit auf Augenh\u00f6he wichtig, die alle Stakeholder gleicherma\u00dfen abholt \u2013 Ihre Recruiter*innen, Gremien und vor allem nat\u00fcrlich Ihre Talente.<\/p>\n","protected":false},"excerpt":{"rendered":"<p>In \u00fcber 25 Jahren Erfahrung haben wir einen reichhaltigen Pool an HR-L\u00f6sungen aufgebaut, der es uns erm\u00f6glicht, jedes Kundenprojekt im Unternehmenskontext und dem jeweiligen Marktumfeld individuell zu betrachten. Zusammen gestalten wir mit Ihnen einen Workflow,\u2026 <a href=\"https:\/\/eligo.de\/de\/unternehmen\/\">mehr lesen &#8230;<\/a><\/p>\n","protected":false},"author":1,"featured_media":0,"parent":0,"menu_order":3000,"comment_status":"closed","ping_status":"closed","template":"page-templates\/page-company.php","meta":{"_acf_changed":false,"inline_featured_image":false,"footnotes":""},"class_list":["post-37","page","type-page","status-publish","hentry"],"acf":[],"aioseo_notices":[],"_links":{"self":[{"href":"https:\/\/eligo.de\/de\/wp-json\/wp\/v2\/pages\/37","targetHints":{"allow":["GET"]}}],"collection":[{"href":"https:\/\/eligo.de\/de\/wp-json\/wp\/v2\/pages"}],"about":[{"href":"https:\/\/eligo.de\/de\/wp-json\/wp\/v2\/types\/page"}],"author":[{"embeddable":true,"href":"https:\/\/eligo.de\/de\/wp-json\/wp\/v2\/users\/1"}],"replies":[{"embeddable":true,"href":"https:\/\/eligo.de\/de\/wp-json\/wp\/v2\/comments?post=37"}],"version-history":[{"count":0,"href":"https:\/\/eligo.de\/de\/wp-json\/wp\/v2\/pages\/37\/revisions"}],"wp:attachment":[{"href":"https:\/\/eligo.de\/de\/wp-json\/wp\/v2\/media?parent=37"}],"curies":[{"name":"wp","href":"https:\/\/api.w.org\/{rel}","templated":true}]}}