{"id":33,"date":"2021-04-26T14:51:04","date_gmt":"2021-04-26T12:51:04","guid":{"rendered":"http:\/\/eligo2021\/de\/?page_id=33"},"modified":"2023-04-20T14:41:56","modified_gmt":"2023-04-20T12:41:56","slug":"karriere","status":"publish","type":"page","link":"https:\/\/eligo.de\/de\/karriere\/","title":{"rendered":"ELIGO-Karriere"},"content":{"rendered":"<p>Wir sind eine auf <a href=\"\/de\/unternehmen\/\">psychologische Eignungsdiagnostik<\/a> spezialisierte Unternehmensberatung, die bei unseren Kund*innen erfolgreiche Personalarbeit vorantreibt. Das Besondere bei uns: Wir k\u00f6nnen unser Wissen und unsere Methoden nutzen, um auch das Arbeiten bei ELIGO selbst zu gestalten. Wir sind uns bewusst, dass unser Erfolg ma\u00dfgeblich von unseren Mitarbeiter*innen abh\u00e4ngt. ELIGO ist ein Ort, an dem sich Ideenreichtum, Flexibilit\u00e4t, Technikaffinit\u00e4t und das Gef\u00fchl, als einzelne*r etwas zu bewirken, entfalten k\u00f6nnen. So kreieren wir HR-L\u00f6sungen mithilfe von tollen, klugen Menschen, die wiederum andere Menschen und Unternehmen dabei unterst\u00fctzen, zusammenzufinden und gut miteinander zu arbeiten.<\/p>\n<p>F\u00fcr diese Ziele freuen wir uns nicht nur \u00fcber feste Mitarbeitende, sondern sind auch laufend auf der Suche nach Praktikant*innen und studentischen Mitarbeiter*innen, lesen Sie <a href=\"https:\/\/eligo.de\/de\/karriere\/#studierende\">hier<\/a> mehr \u00fcber Ihre M\u00f6glichkeiten.<\/p>\n","protected":false},"excerpt":{"rendered":"<p>Wir sind eine auf psychologische Eignungsdiagnostik spezialisierte Unternehmensberatung, die bei unseren Kund*innen erfolgreiche Personalarbeit vorantreibt. Das Besondere bei uns: Wir k\u00f6nnen unser Wissen und unsere Methoden nutzen, um auch das Arbeiten bei ELIGO selbst zu\u2026 <a href=\"https:\/\/eligo.de\/de\/karriere\/\">mehr lesen &#8230;<\/a><\/p>\n","protected":false},"author":1,"featured_media":0,"parent":0,"menu_order":5000,"comment_status":"closed","ping_status":"closed","template":"page-templates\/page-career.php","meta":{"_acf_changed":false,"inline_featured_image":false,"footnotes":""},"class_list":["post-33","page","type-page","status-publish","hentry"],"acf":[],"aioseo_notices":[],"_links":{"self":[{"href":"https:\/\/eligo.de\/de\/wp-json\/wp\/v2\/pages\/33","targetHints":{"allow":["GET"]}}],"collection":[{"href":"https:\/\/eligo.de\/de\/wp-json\/wp\/v2\/pages"}],"about":[{"href":"https:\/\/eligo.de\/de\/wp-json\/wp\/v2\/types\/page"}],"author":[{"embeddable":true,"href":"https:\/\/eligo.de\/de\/wp-json\/wp\/v2\/users\/1"}],"replies":[{"embeddable":true,"href":"https:\/\/eligo.de\/de\/wp-json\/wp\/v2\/comments?post=33"}],"version-history":[{"count":0,"href":"https:\/\/eligo.de\/de\/wp-json\/wp\/v2\/pages\/33\/revisions"}],"wp:attachment":[{"href":"https:\/\/eligo.de\/de\/wp-json\/wp\/v2\/media?parent=33"}],"curies":[{"name":"wp","href":"https:\/\/api.w.org\/{rel}","templated":true}]}}