{"id":1324,"date":"2022-05-24T13:23:30","date_gmt":"2022-05-24T11:23:30","guid":{"rendered":"https:\/\/beta.eligo.de\/de\/?page_id=1324"},"modified":"2025-01-10T08:59:56","modified_gmt":"2025-01-10T07:59:56","slug":"online-assessment-talente-finden","status":"publish","type":"page","link":"https:\/\/eligo.de\/de\/online-assessment-talente-finden\/","title":{"rendered":"Landingpage: Online Assessment Talente finden"},"content":{"rendered":"<p>Mit unseren Online-Assessments gewinnt Ihre Personalarbeit an Geschwindigkeit und Qualit\u00e4t:<br \/>\nOnline-Assessments sind ein bew\u00e4hrtes Tool, um Ihnen besonders schnell vergleichbare Informationen \u00fcber Ihre Bewerber*innen zu liefern. Zus\u00e4tzlich sp\u00fcren Sie \u201eganz nebenbei\u201c Potenziale auf und vergr\u00f6\u00dfern so Ihren Bewerberpool. Und das mit weniger Personalaufwand auf Ihrer Seite, denn unsere Online-Assessments bereiten f\u00fcr Sie in Echtzeit Ergebnisse auf, anhand derer Sie ablesen k\u00f6nnen, wie gut die Eigenschaften und F\u00e4higkeiten einer Person zu den Aufgaben und Anforderungen einer bestimmten Stelle passen.<\/p>\n","protected":false},"excerpt":{"rendered":"<p>Mit unseren Online-Assessments gewinnt Ihre Personalarbeit an Geschwindigkeit und Qualit\u00e4t: Online-Assessments sind ein bew\u00e4hrtes Tool, um Ihnen besonders schnell vergleichbare Informationen \u00fcber Ihre Bewerber*innen zu liefern. Zus\u00e4tzlich sp\u00fcren Sie \u201eganz nebenbei\u201c Potenziale auf und vergr\u00f6\u00dfern\u2026 <a href=\"https:\/\/eligo.de\/de\/online-assessment-talente-finden\/\">mehr lesen &#8230;<\/a><\/p>\n","protected":false},"author":8,"featured_media":0,"parent":0,"menu_order":0,"comment_status":"closed","ping_status":"closed","template":"page-templates\/page-landingpage-1.php","meta":{"_acf_changed":false,"inline_featured_image":false,"footnotes":""},"class_list":["post-1324","page","type-page","status-publish","hentry"],"acf":[],"aioseo_notices":[],"_links":{"self":[{"href":"https:\/\/eligo.de\/de\/wp-json\/wp\/v2\/pages\/1324","targetHints":{"allow":["GET"]}}],"collection":[{"href":"https:\/\/eligo.de\/de\/wp-json\/wp\/v2\/pages"}],"about":[{"href":"https:\/\/eligo.de\/de\/wp-json\/wp\/v2\/types\/page"}],"author":[{"embeddable":true,"href":"https:\/\/eligo.de\/de\/wp-json\/wp\/v2\/users\/8"}],"replies":[{"embeddable":true,"href":"https:\/\/eligo.de\/de\/wp-json\/wp\/v2\/comments?post=1324"}],"version-history":[{"count":0,"href":"https:\/\/eligo.de\/de\/wp-json\/wp\/v2\/pages\/1324\/revisions"}],"wp:attachment":[{"href":"https:\/\/eligo.de\/de\/wp-json\/wp\/v2\/media?parent=1324"}],"curies":[{"name":"wp","href":"https:\/\/api.w.org\/{rel}","templated":true}]}}